{"id":48018,"date":"2024-03-04T15:51:05","date_gmt":"2024-03-04T14:51:05","guid":{"rendered":"https:\/\/cases.fundesplai.org\/no-se-ha-encontrado-la-pagina\/"},"modified":"2024-03-04T15:51:14","modified_gmt":"2024-03-04T14:51:14","slug":"no-se-ha-encontrado-la-pagina","status":"publish","type":"page","link":"https:\/\/cases.fundesplai.org\/es\/no-se-ha-encontrado-la-pagina\/","title":{"rendered":"No se ha encontrado la p\u00e1gina"},"content":{"rendered":"<p>[et_pb_section bb_built=\u00bb1&#8243; specialty=\u00bboff\u00bb next_background_color=\u00bb#c3c3c2&#8243; _builder_version=\u00bb3.11.1&#8243;][et_pb_row _builder_version=\u00bb3.11.1&#8243; background_image=\u00bbhttps:\/\/cases.fundesplai.org\/wp-content\/uploads\/2018\/02\/Pagina_Error_404_cases_colonies_Fundesplai.jpg\u00bb make_fullwidth=\u00bbon\u00bb custom_padding=\u00bb250px||250px|\u00bb background_position=\u00bbtop_center\u00bb][et_pb_column type=\u00bb4_4&#8243;][et_pb_text admin_label=\u00bbT\u00edtol\u00bb _builder_version=\u00bb3.11.1&#8243; text_orientation=\u00bbcenter\u00bb background_layout=\u00bbdark\u00bb]<\/p>\n<h1>Ups, no hemos encontrado lo que buscabas&#8230;<\/h1>\n<p>[\/et_pb_text][et_pb_button admin_label=\u00bbButton Cases de col\u00f2nies\u00bb _builder_version=\u00bb3.11.1&#8243; button_text=\u00bb\u00bfQuiz\u00e1s necesitas una casa de colonias?\u00bb button_url=\u00bbhttps:\/\/cases.fundesplai.org\/es\/alojamientos\/\u00bb button_alignment=\u00bbcenter\u00bb custom_margin=\u00bb50px||20px|\u00bb \/][et_pb_text _builder_version=\u00bb3.11.1&#8243; text_orientation=\u00bbcenter\u00bb background_layout=\u00bbdark\u00bb link_font=\u00bb|700|||||||\u00bb link_text_color=\u00bb#ffffff\u00bb module_id=\u00bbbloc-text-enllac-cercar\u00bb text_font_size=\u00bb23px\u00bb text_text_shadow_style=\u00bbpreset3&#8243; text_text_shadow_color=\u00bb#000000&#8243;]<\/p>\n<p>Si buscas otra cosa, intenta <a href=\"https:\/\/cases.fundesplai.org\/?s=\">buscar en nuestra web<\/a><\/p>\n<p>[\/et_pb_text][\/et_pb_column][\/et_pb_row][\/et_pb_section][et_pb_section bb_built=\u00bb1&#8243; background_color=\u00bb#c3c3c2&#8243; module_class=\u00bbseccio-som-fundesplai\u00bb _builder_version=\u00bb3.0.95&#8243; prev_background_color=\u00bb#ffffff\u00bb global_module=\u00bb958&#8243;][et_pb_row global_parent=\u00bb958&#8243; make_equal=\u00bbon\u00bb bg_img_1=\u00bbhttps:\/\/cases.fundesplai.org\/wp-content\/uploads\/2018\/01\/ninots-1.png\u00bb padding_top_2=\u00bb50px\u00bb padding_bottom_2=\u00bb50px\u00bb padding_left_2=\u00bb50px\u00bb background_size_1=\u00bbcontain\u00bb background_position_1=\u00bbbottom_left\u00bb background_repeat_1=\u00bbno-repeat\u00bb _builder_version=\u00bb3.0.95&#8243;][et_pb_column type=\u00bb1_3&#8243;][\/et_pb_column][et_pb_column type=\u00bb2_3&#8243;][et_pb_text admin_label=\u00bbSom Fundesplai\u00bb global_parent=\u00bb6&#8243; _builder_version=\u00bb3.0.95&#8243; custom_margin=\u00bb||20px|\u00bb]<\/p>\n<h2>\u00a1Somos Fundesplai!<\/h2>\n<p>Somos una ONG que desde hace 45 a\u00f1os trabajamos por la educaci\u00f3n y la felicidad de los ni\u00f1o y ni\u00f1as, la equidad, la inclusi\u00f3n social y la protecci\u00f3n de la naturaleza.<\/p>\n<p>Nos encanta el entorno natural de las casas de colonias para desarrollar nuestra labor.<\/p>\n<p>[\/et_pb_text][et_pb_button admin_label=\u00bbBot\u00f3 Coneix Fundesplai\u00bb global_parent=\u00bb6&#8243; button_url=\u00bbhttps:\/\/fundesplai.org\/coneix-fundesplai\/\u00bb button_text=\u00bbConoce Fundesplai\u00bb _builder_version=\u00bb3.0.95&#8243; custom_button=\u00bbon\u00bb button_text_color=\u00bb#ffffff\u00bb button_bg_color=\u00bb#666666&#8243; button_icon=\u00bb%%20%%\u00bb button_bg_color_hover=\u00bb#666666&#8243; \/][\/et_pb_column][\/et_pb_row][\/et_pb_section]<\/p>\n","protected":false},"excerpt":{"rendered":"<p>Ups, no hemos encontrado lo que buscabas&#8230; Si buscas otra cosa, intenta buscar en nuestra web \u00a1Somos Fundesplai! Somos una ONG que desde hace 45 a\u00f1os trabajamos por la educaci\u00f3n y la felicidad de los ni\u00f1o y ni\u00f1as, la equidad, la inclusi\u00f3n social y la protecci\u00f3n de la naturaleza. Nos encanta el entorno natural de [&hellip;]<\/p>\n","protected":false},"author":4,"featured_media":0,"parent":0,"menu_order":0,"comment_status":"closed","ping_status":"closed","template":"","meta":{"_et_pb_use_builder":"on","_et_pb_old_content":"","_et_gb_content_width":"","footnotes":""},"class_list":["post-48018","page","type-page","status-publish","hentry"],"yoast_head":"<!-- This site is optimized with the Yoast SEO plugin v27.5 - https:\/\/yoast.com\/product\/yoast-seo-wordpress\/ -->\n<title>No se ha encontrado la p\u00e1gina - Cases de col\u00f2nies - Fundesplai<\/title>\n<meta name=\"robots\" content=\"index, follow, max-snippet:-1, max-image-preview:large, max-video-preview:-1\" \/>\n<link rel=\"canonical\" href=\"https:\/\/cases.fundesplai.org\/es\/no-se-ha-encontrado-la-pagina\/\" \/>\n<meta property=\"og:locale\" content=\"es_ES\" \/>\n<meta property=\"og:type\" content=\"article\" \/>\n<meta property=\"og:title\" content=\"No se ha encontrado la p\u00e1gina - Cases de col\u00f2nies - Fundesplai\" \/>\n<meta property=\"og:description\" content=\"Ups, no hemos encontrado lo que buscabas... Si buscas otra cosa, intenta buscar en nuestra web \u00a1Somos Fundesplai! Somos una ONG que desde hace 45 a\u00f1os trabajamos por la educaci\u00f3n y la felicidad de los ni\u00f1o y ni\u00f1as, la equidad, la inclusi\u00f3n social y la protecci\u00f3n de la naturaleza. Nos encanta el entorno natural de [&hellip;]\" \/>\n<meta property=\"og:url\" content=\"https:\/\/cases.fundesplai.org\/es\/no-se-ha-encontrado-la-pagina\/\" \/>\n<meta property=\"og:site_name\" content=\"Cases de col\u00f2nies - Fundesplai\" \/>\n<meta property=\"article:modified_time\" content=\"2024-03-04T14:51:14+00:00\" \/>\n<meta name=\"twitter:card\" content=\"summary_large_image\" \/>\n<meta name=\"twitter:label1\" content=\"Tiempo de lectura\" \/>\n\t<meta name=\"twitter:data1\" content=\"2 minutos\" \/>\n<script type=\"application\/ld+json\" class=\"yoast-schema-graph\">{\"@context\":\"https:\\\/\\\/schema.org\",\"@graph\":[{\"@type\":\"WebPage\",\"@id\":\"https:\\\/\\\/cases.fundesplai.org\\\/es\\\/no-se-ha-encontrado-la-pagina\\\/\",\"url\":\"https:\\\/\\\/cases.fundesplai.org\\\/es\\\/no-se-ha-encontrado-la-pagina\\\/\",\"name\":\"No se ha encontrado la p\u00e1gina - Cases de col\u00f2nies - Fundesplai\",\"isPartOf\":{\"@id\":\"https:\\\/\\\/cases.fundesplai.org\\\/es\\\/#website\"},\"datePublished\":\"2024-03-04T14:51:05+00:00\",\"dateModified\":\"2024-03-04T14:51:14+00:00\",\"breadcrumb\":{\"@id\":\"https:\\\/\\\/cases.fundesplai.org\\\/es\\\/no-se-ha-encontrado-la-pagina\\\/#breadcrumb\"},\"inLanguage\":\"es\",\"potentialAction\":[{\"@type\":\"ReadAction\",\"target\":[\"https:\\\/\\\/cases.fundesplai.org\\\/es\\\/no-se-ha-encontrado-la-pagina\\\/\"]}]},{\"@type\":\"BreadcrumbList\",\"@id\":\"https:\\\/\\\/cases.fundesplai.org\\\/es\\\/no-se-ha-encontrado-la-pagina\\\/#breadcrumb\",\"itemListElement\":[{\"@type\":\"ListItem\",\"position\":1,\"name\":\"Inici\",\"item\":\"https:\\\/\\\/cases.fundesplai.org\\\/es\\\/inici-2\\\/\"},{\"@type\":\"ListItem\",\"position\":2,\"name\":\"No se ha encontrado la p\u00e1gina\"}]},{\"@type\":\"WebSite\",\"@id\":\"https:\\\/\\\/cases.fundesplai.org\\\/es\\\/#website\",\"url\":\"https:\\\/\\\/cases.fundesplai.org\\\/es\\\/\",\"name\":\"Cases de col\u00f2nies - Fundesplai\",\"description\":\"Equipaments de Fundesplai\",\"potentialAction\":[{\"@type\":\"SearchAction\",\"target\":{\"@type\":\"EntryPoint\",\"urlTemplate\":\"https:\\\/\\\/cases.fundesplai.org\\\/es\\\/?s={search_term_string}\"},\"query-input\":{\"@type\":\"PropertyValueSpecification\",\"valueRequired\":true,\"valueName\":\"search_term_string\"}}],\"inLanguage\":\"es\"}]}<\/script>\n<!-- \/ Yoast SEO plugin. -->","yoast_head_json":{"title":"No se ha encontrado la p\u00e1gina - Cases de col\u00f2nies - Fundesplai","robots":{"index":"index","follow":"follow","max-snippet":"max-snippet:-1","max-image-preview":"max-image-preview:large","max-video-preview":"max-video-preview:-1"},"canonical":"https:\/\/cases.fundesplai.org\/es\/no-se-ha-encontrado-la-pagina\/","og_locale":"es_ES","og_type":"article","og_title":"No se ha encontrado la p\u00e1gina - Cases de col\u00f2nies - Fundesplai","og_description":"Ups, no hemos encontrado lo que buscabas... Si buscas otra cosa, intenta buscar en nuestra web \u00a1Somos Fundesplai! Somos una ONG que desde hace 45 a\u00f1os trabajamos por la educaci\u00f3n y la felicidad de los ni\u00f1o y ni\u00f1as, la equidad, la inclusi\u00f3n social y la protecci\u00f3n de la naturaleza. Nos encanta el entorno natural de [&hellip;]","og_url":"https:\/\/cases.fundesplai.org\/es\/no-se-ha-encontrado-la-pagina\/","og_site_name":"Cases de col\u00f2nies - Fundesplai","article_modified_time":"2024-03-04T14:51:14+00:00","twitter_card":"summary_large_image","twitter_misc":{"Tiempo de lectura":"2 minutos"},"schema":{"@context":"https:\/\/schema.org","@graph":[{"@type":"WebPage","@id":"https:\/\/cases.fundesplai.org\/es\/no-se-ha-encontrado-la-pagina\/","url":"https:\/\/cases.fundesplai.org\/es\/no-se-ha-encontrado-la-pagina\/","name":"No se ha encontrado la p\u00e1gina - Cases de col\u00f2nies - Fundesplai","isPartOf":{"@id":"https:\/\/cases.fundesplai.org\/es\/#website"},"datePublished":"2024-03-04T14:51:05+00:00","dateModified":"2024-03-04T14:51:14+00:00","breadcrumb":{"@id":"https:\/\/cases.fundesplai.org\/es\/no-se-ha-encontrado-la-pagina\/#breadcrumb"},"inLanguage":"es","potentialAction":[{"@type":"ReadAction","target":["https:\/\/cases.fundesplai.org\/es\/no-se-ha-encontrado-la-pagina\/"]}]},{"@type":"BreadcrumbList","@id":"https:\/\/cases.fundesplai.org\/es\/no-se-ha-encontrado-la-pagina\/#breadcrumb","itemListElement":[{"@type":"ListItem","position":1,"name":"Inici","item":"https:\/\/cases.fundesplai.org\/es\/inici-2\/"},{"@type":"ListItem","position":2,"name":"No se ha encontrado la p\u00e1gina"}]},{"@type":"WebSite","@id":"https:\/\/cases.fundesplai.org\/es\/#website","url":"https:\/\/cases.fundesplai.org\/es\/","name":"Cases de col\u00f2nies - Fundesplai","description":"Equipaments de Fundesplai","potentialAction":[{"@type":"SearchAction","target":{"@type":"EntryPoint","urlTemplate":"https:\/\/cases.fundesplai.org\/es\/?s={search_term_string}"},"query-input":{"@type":"PropertyValueSpecification","valueRequired":true,"valueName":"search_term_string"}}],"inLanguage":"es"}]}},"_links":{"self":[{"href":"https:\/\/cases.fundesplai.org\/es\/wp-json\/wp\/v2\/pages\/48018","targetHints":{"allow":["GET"]}}],"collection":[{"href":"https:\/\/cases.fundesplai.org\/es\/wp-json\/wp\/v2\/pages"}],"about":[{"href":"https:\/\/cases.fundesplai.org\/es\/wp-json\/wp\/v2\/types\/page"}],"author":[{"embeddable":true,"href":"https:\/\/cases.fundesplai.org\/es\/wp-json\/wp\/v2\/users\/4"}],"replies":[{"embeddable":true,"href":"https:\/\/cases.fundesplai.org\/es\/wp-json\/wp\/v2\/comments?post=48018"}],"version-history":[{"count":4,"href":"https:\/\/cases.fundesplai.org\/es\/wp-json\/wp\/v2\/pages\/48018\/revisions"}],"predecessor-version":[{"id":48023,"href":"https:\/\/cases.fundesplai.org\/es\/wp-json\/wp\/v2\/pages\/48018\/revisions\/48023"}],"wp:attachment":[{"href":"https:\/\/cases.fundesplai.org\/es\/wp-json\/wp\/v2\/media?parent=48018"}],"curies":[{"name":"wp","href":"https:\/\/api.w.org\/{rel}","templated":true}]}}