{"id":4946,"date":"2018-08-22T13:55:56","date_gmt":"2018-08-22T11:55:56","guid":{"rendered":"https:\/\/cases.fundesplai.org\/sollicitud-de-pressupost\/"},"modified":"2020-07-01T13:09:16","modified_gmt":"2020-07-01T11:09:16","slug":"solicitud-de-presupuesto","status":"publish","type":"page","link":"https:\/\/cases.fundesplai.org\/es\/reserva-2\/solicitud-de-presupuesto\/","title":{"rendered":"Solicitud de presupuesto"},"content":{"rendered":"<p>[et_pb_section fb_built=\u00bb1&#8243; _builder_version=\u00bb3.22.3&#8243;][et_pb_row _builder_version=\u00bb3.22.3&#8243; background_size=\u00bbinitial\u00bb background_position=\u00bbtop_left\u00bb background_repeat=\u00bbrepeat\u00bb][et_pb_column type=\u00bb4_4&#8243; _builder_version=\u00bb3.0.47&#8243;][et_pb_text admin_label=\u00bbT\u00edtol (CASTE)\u00bb _builder_version=\u00bb3.22.7&#8243;]<\/p>\n<h2>Solicita un presupuesto a medida<\/h2>\n<p>[\/et_pb_text][et_pb_code admin_label=\u00bbFormulari de sol\u00b7licitud de pressupost\u00bb][\/et_pb_code][\/et_pb_column][\/et_pb_row][\/et_pb_section][et_pb_section fb_built=\u00bb1&#8243; module_class=\u00bbseccio-som-fundesplai\u00bb _builder_version=\u00bb3.22.3&#8243; background_color=\u00bb#c3c3c2&#8243; global_module=\u00bb958&#8243;][et_pb_row make_equal=\u00bbon\u00bb bg_img_1=\u00bbhttps:\/\/cases.fundesplai.org\/wp-content\/uploads\/2018\/01\/ninots-1.png\u00bb background_size_1=\u00bbcontain\u00bb background_position_1=\u00bbbottom_left\u00bb background_repeat_1=\u00bbno-repeat\u00bb padding_top_2=\u00bb50px\u00bb padding_bottom_2=\u00bb50px\u00bb padding_left_2=\u00bb50px\u00bb _builder_version=\u00bb3.22.3&#8243;][et_pb_column type=\u00bb1_3&#8243; _builder_version=\u00bb3.0.47&#8243;][\/et_pb_column][et_pb_column type=\u00bb2_3&#8243; _builder_version=\u00bb3.0.47&#8243;][et_pb_text admin_label=\u00bbSom Fundesplai\u00bb _builder_version=\u00bb3.19.7&#8243; custom_margin=\u00bb||20px|\u00bb]<\/p>\n<h2>Somos Fundesplai<\/h2>\n<p><strong>Somos una entidad sin \u00e1nimo de lucro<\/strong> que trabaja desde hace m\u00e1s de 45 a\u00f1os a favor de la educaci\u00f3n y la felicidad de los ni\u00f1os y ni\u00f1as, la equidad, la inclusi\u00f3n social, la protecci\u00f3n de la naturaleza y el desarrollo del Tercer Sector.<\/p>\n<p>El entorno natural de las casas de colonias es ideal para desarrollar nuestra tarea.<\/p>\n<p>[\/et_pb_text][et_pb_button button_url=\u00bbhttps:\/\/fundesplai.org\/coneix-fundesplai\/\u00bb button_text=\u00bbConoce Fundesplai\u00bb admin_label=\u00bbBot\u00f3 Coneix Fundesplai\u00bb _builder_version=\u00bb3.19.7&#8243; custom_button=\u00bbon\u00bb button_text_color=\u00bb#ffffff\u00bb button_bg_color=\u00bb#666666&#8243; button_icon=\u00bb%%20%%\u00bb button_bg_color_hover=\u00bb#666666&#8243; button_text_size__hover_enabled=\u00bboff\u00bb button_text_size__hover=\u00bbnull\u00bb button_one_text_size__hover_enabled=\u00bboff\u00bb button_one_text_size__hover=\u00bbnull\u00bb button_two_text_size__hover_enabled=\u00bboff\u00bb button_two_text_size__hover=\u00bbnull\u00bb button_text_color__hover_enabled=\u00bboff\u00bb button_text_color__hover=\u00bbnull\u00bb button_one_text_color__hover_enabled=\u00bboff\u00bb button_one_text_color__hover=\u00bbnull\u00bb button_two_text_color__hover_enabled=\u00bboff\u00bb button_two_text_color__hover=\u00bbnull\u00bb button_border_width__hover_enabled=\u00bboff\u00bb button_border_width__hover=\u00bbnull\u00bb button_one_border_width__hover_enabled=\u00bboff\u00bb button_one_border_width__hover=\u00bbnull\u00bb button_two_border_width__hover_enabled=\u00bboff\u00bb button_two_border_width__hover=\u00bbnull\u00bb button_border_color__hover_enabled=\u00bboff\u00bb button_border_color__hover=\u00bbnull\u00bb button_one_border_color__hover_enabled=\u00bboff\u00bb button_one_border_color__hover=\u00bbnull\u00bb button_two_border_color__hover_enabled=\u00bboff\u00bb button_two_border_color__hover=\u00bbnull\u00bb button_border_radius__hover_enabled=\u00bboff\u00bb button_border_radius__hover=\u00bbnull\u00bb button_one_border_radius__hover_enabled=\u00bboff\u00bb button_one_border_radius__hover=\u00bbnull\u00bb button_two_border_radius__hover_enabled=\u00bboff\u00bb button_two_border_radius__hover=\u00bbnull\u00bb button_letter_spacing__hover_enabled=\u00bboff\u00bb button_letter_spacing__hover=\u00bbnull\u00bb button_one_letter_spacing__hover_enabled=\u00bboff\u00bb button_one_letter_spacing__hover=\u00bbnull\u00bb button_two_letter_spacing__hover_enabled=\u00bboff\u00bb button_two_letter_spacing__hover=\u00bbnull\u00bb button_bg_color__hover_enabled=\u00bbon\u00bb button_bg_color__hover=\u00bb#666666&#8243; button_one_bg_color__hover_enabled=\u00bboff\u00bb button_one_bg_color__hover=\u00bbnull\u00bb button_two_bg_color__hover_enabled=\u00bboff\u00bb button_two_bg_color__hover=\u00bbnull\u00bb][\/et_pb_button][\/et_pb_column][\/et_pb_row][\/et_pb_section][et_pb_section fb_built=\u00bb1&#8243; _builder_version=\u00bb3.22.7&#8243;][et_pb_row _builder_version=\u00bb3.22.7&#8243;][et_pb_column type=\u00bb4_4&#8243; _builder_version=\u00bb3.22.7&#8243;][et_pb_accordion _builder_version=\u00bb3.22.7&#8243;][\/et_pb_accordion][\/et_pb_column][\/et_pb_row][\/et_pb_section]<\/p>\n","protected":false},"excerpt":{"rendered":"<p>Solicita un presupuesto a medida  Somos Fundesplai Somos una entidad sin \u00e1nimo de lucro que trabaja desde hace m\u00e1s de 45 a\u00f1os a favor de la educaci\u00f3n y la felicidad de los ni\u00f1os y ni\u00f1as, la equidad, la inclusi\u00f3n social, la protecci\u00f3n de la naturaleza y el desarrollo del Tercer Sector. [&hellip;]<\/p>\n","protected":false},"author":3,"featured_media":0,"parent":4925,"menu_order":0,"comment_status":"closed","ping_status":"closed","template":"","meta":{"_et_pb_use_builder":"on","_et_pb_old_content":"","_et_gb_content_width":"","footnotes":""},"class_list":["post-4946","page","type-page","status-publish","hentry"],"yoast_head":"<!-- This site is optimized with the Yoast SEO plugin v27.5 - https:\/\/yoast.com\/product\/yoast-seo-wordpress\/ -->\n<title>Solicitud de presupuesto - Cases de col\u00f2nies - Fundesplai<\/title>\n<meta name=\"robots\" content=\"index, follow, max-snippet:-1, max-image-preview:large, max-video-preview:-1\" \/>\n<link rel=\"canonical\" href=\"https:\/\/cases.fundesplai.org\/es\/reserva-2\/solicitud-de-presupuesto\/\" \/>\n<meta property=\"og:locale\" content=\"es_ES\" \/>\n<meta property=\"og:type\" content=\"article\" \/>\n<meta property=\"og:title\" content=\"Solicitud de presupuesto - Cases de col\u00f2nies - Fundesplai\" \/>\n<meta property=\"og:description\" content=\"Solicita un presupuesto a medida Somos Fundesplai Somos una entidad sin \u00e1nimo de lucro que trabaja desde hace m\u00e1s de 45 a\u00f1os a favor de la educaci\u00f3n y la felicidad de los ni\u00f1os y ni\u00f1as, la equidad, la inclusi\u00f3n social, la protecci\u00f3n de la naturaleza y el desarrollo del Tercer Sector. [&hellip;]\" \/>\n<meta property=\"og:url\" content=\"https:\/\/cases.fundesplai.org\/es\/reserva-2\/solicitud-de-presupuesto\/\" \/>\n<meta property=\"og:site_name\" content=\"Cases de col\u00f2nies - Fundesplai\" \/>\n<meta property=\"article:modified_time\" content=\"2020-07-01T11:09:16+00:00\" \/>\n<meta name=\"twitter:card\" content=\"summary_large_image\" \/>\n<meta name=\"twitter:label1\" content=\"Tiempo de lectura\" \/>\n\t<meta name=\"twitter:data1\" content=\"3 minutos\" \/>\n<script type=\"application\/ld+json\" class=\"yoast-schema-graph\">{\"@context\":\"https:\\\/\\\/schema.org\",\"@graph\":[{\"@type\":\"WebPage\",\"@id\":\"https:\\\/\\\/cases.fundesplai.org\\\/es\\\/reserva-2\\\/solicitud-de-presupuesto\\\/\",\"url\":\"https:\\\/\\\/cases.fundesplai.org\\\/es\\\/reserva-2\\\/solicitud-de-presupuesto\\\/\",\"name\":\"Solicitud de presupuesto - Cases de col\u00f2nies - Fundesplai\",\"isPartOf\":{\"@id\":\"https:\\\/\\\/cases.fundesplai.org\\\/es\\\/#website\"},\"datePublished\":\"2018-08-22T11:55:56+00:00\",\"dateModified\":\"2020-07-01T11:09:16+00:00\",\"breadcrumb\":{\"@id\":\"https:\\\/\\\/cases.fundesplai.org\\\/es\\\/reserva-2\\\/solicitud-de-presupuesto\\\/#breadcrumb\"},\"inLanguage\":\"es\",\"potentialAction\":[{\"@type\":\"ReadAction\",\"target\":[\"https:\\\/\\\/cases.fundesplai.org\\\/es\\\/reserva-2\\\/solicitud-de-presupuesto\\\/\"]}]},{\"@type\":\"BreadcrumbList\",\"@id\":\"https:\\\/\\\/cases.fundesplai.org\\\/es\\\/reserva-2\\\/solicitud-de-presupuesto\\\/#breadcrumb\",\"itemListElement\":[{\"@type\":\"ListItem\",\"position\":1,\"name\":\"Inici\",\"item\":\"https:\\\/\\\/cases.fundesplai.org\\\/es\\\/inici-2\\\/\"},{\"@type\":\"ListItem\",\"position\":2,\"name\":\"Reserva\",\"item\":\"https:\\\/\\\/cases.fundesplai.org\\\/es\\\/reserva-2\\\/\"},{\"@type\":\"ListItem\",\"position\":3,\"name\":\"Solicitud de presupuesto\"}]},{\"@type\":\"WebSite\",\"@id\":\"https:\\\/\\\/cases.fundesplai.org\\\/es\\\/#website\",\"url\":\"https:\\\/\\\/cases.fundesplai.org\\\/es\\\/\",\"name\":\"Cases de col\u00f2nies - Fundesplai\",\"description\":\"Equipaments de Fundesplai\",\"potentialAction\":[{\"@type\":\"SearchAction\",\"target\":{\"@type\":\"EntryPoint\",\"urlTemplate\":\"https:\\\/\\\/cases.fundesplai.org\\\/es\\\/?s={search_term_string}\"},\"query-input\":{\"@type\":\"PropertyValueSpecification\",\"valueRequired\":true,\"valueName\":\"search_term_string\"}}],\"inLanguage\":\"es\"}]}<\/script>\n<!-- \/ Yoast SEO plugin. -->","yoast_head_json":{"title":"Solicitud de presupuesto - Cases de col\u00f2nies - Fundesplai","robots":{"index":"index","follow":"follow","max-snippet":"max-snippet:-1","max-image-preview":"max-image-preview:large","max-video-preview":"max-video-preview:-1"},"canonical":"https:\/\/cases.fundesplai.org\/es\/reserva-2\/solicitud-de-presupuesto\/","og_locale":"es_ES","og_type":"article","og_title":"Solicitud de presupuesto - Cases de col\u00f2nies - Fundesplai","og_description":"Solicita un presupuesto a medida Somos Fundesplai Somos una entidad sin \u00e1nimo de lucro que trabaja desde hace m\u00e1s de 45 a\u00f1os a favor de la educaci\u00f3n y la felicidad de los ni\u00f1os y ni\u00f1as, la equidad, la inclusi\u00f3n social, la protecci\u00f3n de la naturaleza y el desarrollo del Tercer Sector. [&hellip;]","og_url":"https:\/\/cases.fundesplai.org\/es\/reserva-2\/solicitud-de-presupuesto\/","og_site_name":"Cases de col\u00f2nies - Fundesplai","article_modified_time":"2020-07-01T11:09:16+00:00","twitter_card":"summary_large_image","twitter_misc":{"Tiempo de lectura":"3 minutos"},"schema":{"@context":"https:\/\/schema.org","@graph":[{"@type":"WebPage","@id":"https:\/\/cases.fundesplai.org\/es\/reserva-2\/solicitud-de-presupuesto\/","url":"https:\/\/cases.fundesplai.org\/es\/reserva-2\/solicitud-de-presupuesto\/","name":"Solicitud de presupuesto - Cases de col\u00f2nies - Fundesplai","isPartOf":{"@id":"https:\/\/cases.fundesplai.org\/es\/#website"},"datePublished":"2018-08-22T11:55:56+00:00","dateModified":"2020-07-01T11:09:16+00:00","breadcrumb":{"@id":"https:\/\/cases.fundesplai.org\/es\/reserva-2\/solicitud-de-presupuesto\/#breadcrumb"},"inLanguage":"es","potentialAction":[{"@type":"ReadAction","target":["https:\/\/cases.fundesplai.org\/es\/reserva-2\/solicitud-de-presupuesto\/"]}]},{"@type":"BreadcrumbList","@id":"https:\/\/cases.fundesplai.org\/es\/reserva-2\/solicitud-de-presupuesto\/#breadcrumb","itemListElement":[{"@type":"ListItem","position":1,"name":"Inici","item":"https:\/\/cases.fundesplai.org\/es\/inici-2\/"},{"@type":"ListItem","position":2,"name":"Reserva","item":"https:\/\/cases.fundesplai.org\/es\/reserva-2\/"},{"@type":"ListItem","position":3,"name":"Solicitud de presupuesto"}]},{"@type":"WebSite","@id":"https:\/\/cases.fundesplai.org\/es\/#website","url":"https:\/\/cases.fundesplai.org\/es\/","name":"Cases de col\u00f2nies - Fundesplai","description":"Equipaments de Fundesplai","potentialAction":[{"@type":"SearchAction","target":{"@type":"EntryPoint","urlTemplate":"https:\/\/cases.fundesplai.org\/es\/?s={search_term_string}"},"query-input":{"@type":"PropertyValueSpecification","valueRequired":true,"valueName":"search_term_string"}}],"inLanguage":"es"}]}},"_links":{"self":[{"href":"https:\/\/cases.fundesplai.org\/es\/wp-json\/wp\/v2\/pages\/4946","targetHints":{"allow":["GET"]}}],"collection":[{"href":"https:\/\/cases.fundesplai.org\/es\/wp-json\/wp\/v2\/pages"}],"about":[{"href":"https:\/\/cases.fundesplai.org\/es\/wp-json\/wp\/v2\/types\/page"}],"author":[{"embeddable":true,"href":"https:\/\/cases.fundesplai.org\/es\/wp-json\/wp\/v2\/users\/3"}],"replies":[{"embeddable":true,"href":"https:\/\/cases.fundesplai.org\/es\/wp-json\/wp\/v2\/comments?post=4946"}],"version-history":[{"count":8,"href":"https:\/\/cases.fundesplai.org\/es\/wp-json\/wp\/v2\/pages\/4946\/revisions"}],"predecessor-version":[{"id":9357,"href":"https:\/\/cases.fundesplai.org\/es\/wp-json\/wp\/v2\/pages\/4946\/revisions\/9357"}],"up":[{"embeddable":true,"href":"https:\/\/cases.fundesplai.org\/es\/wp-json\/wp\/v2\/pages\/4925"}],"wp:attachment":[{"href":"https:\/\/cases.fundesplai.org\/es\/wp-json\/wp\/v2\/media?parent=4946"}],"curies":[{"name":"wp","href":"https:\/\/api.w.org\/{rel}","templated":true}]}}