{"id":5049,"date":"2020-07-01T13:05:54","date_gmt":"2020-07-01T11:05:54","guid":{"rendered":"https:\/\/cases.fundesplai.org\/?page_id=5049"},"modified":"2020-11-06T12:03:26","modified_gmt":"2020-11-06T11:03:26","slug":"faq-sin-actividades-sin-piscina","status":"publish","type":"page","link":"https:\/\/cases.fundesplai.org\/es\/faq-sin-actividades-sin-piscina\/","title":{"rendered":"FAQ sin actividades y sin piscina"},"content":{"rendered":"<p>[et_pb_section fb_built=\u00bb1&#8243; _builder_version=\u00bb3.22.3&#8243;][et_pb_row _builder_version=\u00bb3.25&#8243;][et_pb_column type=\u00bb4_4&#8243; _builder_version=\u00bb3.25&#8243; custom_padding=\u00bb|||\u00bb custom_padding__hover=\u00bb|||\u00bb][et_pb_text admin_label=\u00bbFAQ generals (CASTE)\u00bb _builder_version=\u00bb3.27.4&#8243;]<\/p>\n<h2>Sobre la casa&#8230;<\/h2>\n<p>[\/et_pb_text][et_pb_accordion admin_label=\u00bbAcordi\u00f3 (CASTE)\u00bb _builder_version=\u00bb3.22.7&#8243;][et_pb_accordion_item title=\u00bb\u00bfQu\u00e9 incluye el precio del fin de semana?\u00bb open=\u00bbon\u00bb _builder_version=\u00bb3.22.7&#8243;]<\/p>\n<p>El precio incluye la estancia en pensi\u00f3n completa. Si quer\u00e9is hacer actividades familiares nos ten\u00e9is que avisar en el momento de hacer la reserva y lo ten\u00e9is que pagar a parte.<\/p>\n<p>[\/et_pb_accordion_item][et_pb_accordion_item title=\u00bb\u00bfPodemos traer animales de compa\u00f1\u00eda?\u00bb _builder_version=\u00bb3.22.7&#8243; open=\u00bboff\u00bb]<\/p>\n<p>S\u00f3lo perros gu\u00eda o en estancias concretas donde se especifique que pueden venir animales.<\/p>\n<p>[\/et_pb_accordion_item][et_pb_accordion_item title=\u00bbSi hemos hecho la reserva y al final no podemos venir, \u00bfnos devolv\u00e9is el dinero?\u00bb _builder_version=\u00bb3.22.7&#8243; open=\u00bboff\u00bb]<\/p>\n<p>S\u00ed, siempre que haya una causa m\u00e9dica justificada.<\/p>\n<p>[\/et_pb_accordion_item][et_pb_accordion_item title=\u00bb\u00bfQu\u00e9 actividades tur\u00edsticas hay cerca de la casa?\u00bb _builder_version=\u00bb3.22.7&#8243; open=\u00bboff\u00bb]<\/p>\n<p>Consultad la p\u00e1gina de actividades e itinerarios para descubrir todas las posibilidades de descubrimiento tur\u00edstico y naturalista de la zona.<\/p>\n<p>[\/et_pb_accordion_item][et_pb_accordion_item title=\u00bb\u00bfHay un CAP u hospital cerca?\u00bb _builder_version=\u00bb3.22.7&#8243; open=\u00bboff\u00bb]<\/p>\n<p>S\u00ed, una vez en la casa pod\u00e9is preguntar a los monitores\/as o al servicio de cocina que os indiquen el CAP u hospital m\u00e1s cercano. En caso de emergencia llamad al 112.<\/p>\n<p>[\/et_pb_accordion_item][\/et_pb_accordion][\/et_pb_column][\/et_pb_row][et_pb_row _builder_version=\u00bb4.6.5&#8243;][et_pb_column type=\u00bb4_4&#8243; module_id=\u00bboverwrite_columna_faq_bg\u00bb _builder_version=\u00bb4.6.5&#8243; custom_padding=\u00bb|||\u00bb custom_padding__hover=\u00bb|||\u00bb][et_pb_text admin_label=\u00bbFAQ menjar (CASTE)\u00bb _builder_version=\u00bb3.27.4&#8243;]<\/p>\n<h2>Sobre la comida&#8230;<\/h2>\n<p>[\/et_pb_text][et_pb_accordion admin_label=\u00bbAcordi\u00f3 (CASTE)\u00bb _builder_version=\u00bb4.6.5&#8243; hover_enabled=\u00bb0&#8243; sticky_enabled=\u00bb0&#8243;][et_pb_accordion_item title=\u00bb\u00bfQu\u00e9 comidas incluye la pensi\u00f3n completa?\u00bb open=\u00bbon\u00bb _builder_version=\u00bb4.6.5&#8243; hover_enabled=\u00bb0&#8243; sticky_enabled=\u00bb0&#8243;]<\/p>\n<p>Merienda (s\u00f3lo para los ni\u00f1os y ni\u00f1as), cena, desayuno y almuerzo.<\/p>\n<p>[\/et_pb_accordion_item][et_pb_accordion_item title=\u00bbSi queremos hacer alguna comida extra, \u00bfla podemos pedir?\u00bb _builder_version=\u00bb3.22.7&#8243; open=\u00bboff\u00bb]<\/p>\n<p>\u00a1Por supuesto! Enviadnos un mail en el momento de hacer la reserva y lo hablamos.<\/p>\n<p>[\/et_pb_accordion_item][et_pb_accordion_item title=\u00bb\u00bfCu\u00e1les son los horarios de las comidas?\u00bb _builder_version=\u00bb3.22.7&#8243; open=\u00bboff\u00bb]<\/p>\n<ul>\n<li>Desayuno: 9:00h<\/li>\n<li>Almuerzo: 13:30h<\/li>\n<li>Cena: 20:00h<\/li>\n<\/ul>\n<p>[\/et_pb_accordion_item][et_pb_accordion_item title=\u00bb\u00bfNos sirven la comida?\u00bb _builder_version=\u00bb3.22.7&#8243; open=\u00bboff\u00bb]<\/p>\n<p>No, la estancia no incluye el servicio a la mesa. Vosotros os ten\u00e9is que encargar de poner la mesa y serviros, as\u00ed como de recoger la mesa al acabara.<\/p>\n<p>[\/et_pb_accordion_item][et_pb_accordion_item title=\u00bbSi hay una persona cel\u00edaca, \u00bften\u00e9is men\u00fas espec\u00edficos para cel\u00edacos u otros al\u00e9rgicos?\u00bb _builder_version=\u00bb3.22.7&#8243; open=\u00bboff\u00bb]<\/p>\n<p>S\u00ed, nos adaptamos a todas las necesidades alimenticias, pero necesitamos que nos lo indiqu\u00e9is en el momento de hacer la reserva para poder prepararlos.<\/p>\n<p>[\/et_pb_accordion_item][et_pb_accordion_item title=\u00bb\u00bfHac\u00e9is men\u00fa vegetariano?\u00bb _builder_version=\u00bb3.22.7&#8243; open=\u00bboff\u00bb]<\/p>\n<p>S\u00ed, pero necesitamos que nos lo indiqu\u00e9is en el momento de hacer la reserva para poder prepararlo.\u00a0<\/p>\n<p>[\/et_pb_accordion_item][et_pb_accordion_item title=\u00bb\u00bfSe puede traer bebidas o cosas para picar?\u00bb _builder_version=\u00bb3.22.7&#8243; open=\u00bboff\u00bb]<\/p>\n<p>No, no se permite conservar ni consumir alimentos o bebidas que vengan de fuera de la casa.<\/p>\n<p>[\/et_pb_accordion_item][et_pb_accordion_item title=\u00bb\u00bfHay tronas para beb\u00e9s en el comedor?\u00bb _builder_version=\u00bb3.22.7&#8243; open=\u00bboff\u00bb]<\/p>\n<p>No, la casa no tiene tronas disponibles para beb\u00e9s.<\/p>\n<p>[\/et_pb_accordion_item][\/et_pb_accordion][\/et_pb_column][\/et_pb_row][et_pb_row _builder_version=\u00bb4.6.5&#8243; custom_margin=\u00bb||50px||false|false\u00bb custom_margin_tablet=\u00bb||30px||false|false\u00bb custom_margin_phone=\u00bb||30px||false|false\u00bb custom_margin_last_edited=\u00bbon|phone\u00bb][et_pb_column type=\u00bb4_4&#8243; _builder_version=\u00bb3.25&#8243; custom_padding=\u00bb|||\u00bb custom_padding__hover=\u00bb|||\u00bb][et_pb_text admin_label=\u00bbFAQ habitacions (CASTE)\u00bb _builder_version=\u00bb3.27.4&#8243;]<\/p>\n<h2>Sobre las habitaciones&#8230;<\/h2>\n<p>[\/et_pb_text][et_pb_accordion admin_label=\u00bbAcordi\u00f3 (CASTE)\u00bb _builder_version=\u00bb3.22.7&#8243;][et_pb_accordion_item title=\u00bb\u00bfHace falta compartir las habitaciones?\u00bb open=\u00bbon\u00bb _builder_version=\u00bb3.22.7&#8243;]<\/p>\n<p>No, a cada reserva se le asigna una o varias habitaciones familiares, dependiendo de vuestras necesidades. No hace falta compartirlas con desconocidos. Pero si sois un grupo pod\u00e9is optar por compartir una o m\u00e1s habitaciones grandes.<\/p>\n<p>[\/et_pb_accordion_item][et_pb_accordion_item title=\u00bb\u00bfTenemos que traer s\u00e1banas o saco?\u00bb _builder_version=\u00bb3.22.7&#8243; open=\u00bboff\u00bb]<\/p>\n<p>S\u00ed, en la casa hay bajeras y mantas. Vosotros tendr\u00e9is que traer saco de dormir o s\u00e1bana, cojinera y toalla.<\/p>\n<p>[\/et_pb_accordion_item][et_pb_accordion_item title=\u00bb\u00bfHay calefacci\u00f3n en las habitaciones?\u00bb _builder_version=\u00bb3.22.7&#8243; open=\u00bboff\u00bb]<\/p>\n<p>S\u00ed, est\u00e1n perfectamente acondicionadas para todas las \u00e9pocas del a\u00f1o.<\/p>\n<p>[\/et_pb_accordion_item][et_pb_accordion_item title=\u00bb\u00bfProporcion\u00e1is cunas para beb\u00e9s?\u00bb _builder_version=\u00bb3.22.7&#8243; open=\u00bboff\u00bb]<\/p>\n<p>No, la casa no tiene cunas disponibles para beb\u00e9s.<\/p>\n<p>[\/et_pb_accordion_item][et_pb_accordion_item title=\u00bb\u00bfA qu\u00e9 hora se tiene que hacer silencio por la noche?\u00bb _builder_version=\u00bb3.22.7&#8243; open=\u00bboff\u00bb]<\/p>\n<p>A las 23.00h.<\/p>\n<p>[\/et_pb_accordion_item][et_pb_accordion_item title=\u00bb\u00bfA qu\u00e9 hora tenemos que dejar la habitaci\u00f3n?\u00bb _builder_version=\u00bb3.22.7&#8243; open=\u00bboff\u00bb]<\/p>\n<p>A las 11.00 h.<\/p>\n<p>[\/et_pb_accordion_item][\/et_pb_accordion][\/et_pb_column][\/et_pb_row][\/et_pb_section]<\/p>\n","protected":false},"excerpt":{"rendered":"<p>Sobre la casa&#8230;El precio incluye la estancia en pensi\u00f3n completa. Si quer\u00e9is hacer actividades familiares nos ten\u00e9is que avisar en el momento de hacer la reserva y lo ten\u00e9is que pagar a parte.S\u00f3lo perros gu\u00eda o en estancias concretas donde se especifique que pueden venir animales.S\u00ed, siempre que haya una causa m\u00e9dica justificada.Consultad la p\u00e1gina [&hellip;]<\/p>\n","protected":false},"author":159,"featured_media":0,"parent":0,"menu_order":0,"comment_status":"closed","ping_status":"closed","template":"","meta":{"_et_pb_use_builder":"on","_et_pb_old_content":"","_et_gb_content_width":"","footnotes":""},"class_list":["post-5049","page","type-page","status-publish","hentry"],"yoast_head":"<!-- This site is optimized with the Yoast SEO plugin v27.5 - https:\/\/yoast.com\/product\/yoast-seo-wordpress\/ -->\n<title>FAQ sin actividades y sin piscina - Cases de col\u00f2nies - Fundesplai<\/title>\n<meta name=\"robots\" content=\"index, follow, max-snippet:-1, max-image-preview:large, max-video-preview:-1\" \/>\n<link rel=\"canonical\" href=\"https:\/\/cases.fundesplai.org\/es\/faq-sin-actividades-sin-piscina\/\" \/>\n<meta property=\"og:locale\" content=\"es_ES\" \/>\n<meta property=\"og:type\" content=\"article\" \/>\n<meta property=\"og:title\" content=\"FAQ sin actividades y sin piscina - Cases de col\u00f2nies - Fundesplai\" \/>\n<meta property=\"og:description\" content=\"Sobre la casa...El precio incluye la estancia en pensi\u00f3n completa. Si quer\u00e9is hacer actividades familiares nos ten\u00e9is que avisar en el momento de hacer la reserva y lo ten\u00e9is que pagar a parte.S\u00f3lo perros gu\u00eda o en estancias concretas donde se especifique que pueden venir animales.S\u00ed, siempre que haya una causa m\u00e9dica justificada.Consultad la p\u00e1gina [&hellip;]\" \/>\n<meta property=\"og:url\" content=\"https:\/\/cases.fundesplai.org\/es\/faq-sin-actividades-sin-piscina\/\" \/>\n<meta property=\"og:site_name\" content=\"Cases de col\u00f2nies - Fundesplai\" \/>\n<meta property=\"article:modified_time\" content=\"2020-11-06T11:03:26+00:00\" \/>\n<meta name=\"twitter:card\" content=\"summary_large_image\" \/>\n<meta name=\"twitter:label1\" content=\"Tiempo de lectura\" \/>\n\t<meta name=\"twitter:data1\" content=\"5 minutos\" \/>\n<script type=\"application\/ld+json\" class=\"yoast-schema-graph\">{\"@context\":\"https:\\\/\\\/schema.org\",\"@graph\":[{\"@type\":\"WebPage\",\"@id\":\"https:\\\/\\\/cases.fundesplai.org\\\/es\\\/faq-sin-actividades-sin-piscina\\\/\",\"url\":\"https:\\\/\\\/cases.fundesplai.org\\\/es\\\/faq-sin-actividades-sin-piscina\\\/\",\"name\":\"FAQ sin actividades y sin piscina - Cases de col\u00f2nies - Fundesplai\",\"isPartOf\":{\"@id\":\"https:\\\/\\\/cases.fundesplai.org\\\/es\\\/#website\"},\"datePublished\":\"2020-07-01T11:05:54+00:00\",\"dateModified\":\"2020-11-06T11:03:26+00:00\",\"breadcrumb\":{\"@id\":\"https:\\\/\\\/cases.fundesplai.org\\\/es\\\/faq-sin-actividades-sin-piscina\\\/#breadcrumb\"},\"inLanguage\":\"es\",\"potentialAction\":[{\"@type\":\"ReadAction\",\"target\":[\"https:\\\/\\\/cases.fundesplai.org\\\/es\\\/faq-sin-actividades-sin-piscina\\\/\"]}]},{\"@type\":\"BreadcrumbList\",\"@id\":\"https:\\\/\\\/cases.fundesplai.org\\\/es\\\/faq-sin-actividades-sin-piscina\\\/#breadcrumb\",\"itemListElement\":[{\"@type\":\"ListItem\",\"position\":1,\"name\":\"Inici\",\"item\":\"https:\\\/\\\/cases.fundesplai.org\\\/es\\\/inici-2\\\/\"},{\"@type\":\"ListItem\",\"position\":2,\"name\":\"Informaci\u00f3n pr\u00e1ctica\",\"item\":\"https:\\\/\\\/cases.fundesplai.org\\\/es\\\/informacio-practica\\\/\"},{\"@type\":\"ListItem\",\"position\":3,\"name\":\"FAQ sin actividades y sin piscina\"}]},{\"@type\":\"WebSite\",\"@id\":\"https:\\\/\\\/cases.fundesplai.org\\\/es\\\/#website\",\"url\":\"https:\\\/\\\/cases.fundesplai.org\\\/es\\\/\",\"name\":\"Cases de col\u00f2nies - Fundesplai\",\"description\":\"Equipaments de Fundesplai\",\"potentialAction\":[{\"@type\":\"SearchAction\",\"target\":{\"@type\":\"EntryPoint\",\"urlTemplate\":\"https:\\\/\\\/cases.fundesplai.org\\\/es\\\/?s={search_term_string}\"},\"query-input\":{\"@type\":\"PropertyValueSpecification\",\"valueRequired\":true,\"valueName\":\"search_term_string\"}}],\"inLanguage\":\"es\"}]}<\/script>\n<!-- \/ Yoast SEO plugin. -->","yoast_head_json":{"title":"FAQ sin actividades y sin piscina - Cases de col\u00f2nies - Fundesplai","robots":{"index":"index","follow":"follow","max-snippet":"max-snippet:-1","max-image-preview":"max-image-preview:large","max-video-preview":"max-video-preview:-1"},"canonical":"https:\/\/cases.fundesplai.org\/es\/faq-sin-actividades-sin-piscina\/","og_locale":"es_ES","og_type":"article","og_title":"FAQ sin actividades y sin piscina - Cases de col\u00f2nies - Fundesplai","og_description":"Sobre la casa...El precio incluye la estancia en pensi\u00f3n completa. Si quer\u00e9is hacer actividades familiares nos ten\u00e9is que avisar en el momento de hacer la reserva y lo ten\u00e9is que pagar a parte.S\u00f3lo perros gu\u00eda o en estancias concretas donde se especifique que pueden venir animales.S\u00ed, siempre que haya una causa m\u00e9dica justificada.Consultad la p\u00e1gina [&hellip;]","og_url":"https:\/\/cases.fundesplai.org\/es\/faq-sin-actividades-sin-piscina\/","og_site_name":"Cases de col\u00f2nies - Fundesplai","article_modified_time":"2020-11-06T11:03:26+00:00","twitter_card":"summary_large_image","twitter_misc":{"Tiempo de lectura":"5 minutos"},"schema":{"@context":"https:\/\/schema.org","@graph":[{"@type":"WebPage","@id":"https:\/\/cases.fundesplai.org\/es\/faq-sin-actividades-sin-piscina\/","url":"https:\/\/cases.fundesplai.org\/es\/faq-sin-actividades-sin-piscina\/","name":"FAQ sin actividades y sin piscina - Cases de col\u00f2nies - Fundesplai","isPartOf":{"@id":"https:\/\/cases.fundesplai.org\/es\/#website"},"datePublished":"2020-07-01T11:05:54+00:00","dateModified":"2020-11-06T11:03:26+00:00","breadcrumb":{"@id":"https:\/\/cases.fundesplai.org\/es\/faq-sin-actividades-sin-piscina\/#breadcrumb"},"inLanguage":"es","potentialAction":[{"@type":"ReadAction","target":["https:\/\/cases.fundesplai.org\/es\/faq-sin-actividades-sin-piscina\/"]}]},{"@type":"BreadcrumbList","@id":"https:\/\/cases.fundesplai.org\/es\/faq-sin-actividades-sin-piscina\/#breadcrumb","itemListElement":[{"@type":"ListItem","position":1,"name":"Inici","item":"https:\/\/cases.fundesplai.org\/es\/inici-2\/"},{"@type":"ListItem","position":2,"name":"Informaci\u00f3n pr\u00e1ctica","item":"https:\/\/cases.fundesplai.org\/es\/informacio-practica\/"},{"@type":"ListItem","position":3,"name":"FAQ sin actividades y sin piscina"}]},{"@type":"WebSite","@id":"https:\/\/cases.fundesplai.org\/es\/#website","url":"https:\/\/cases.fundesplai.org\/es\/","name":"Cases de col\u00f2nies - Fundesplai","description":"Equipaments de Fundesplai","potentialAction":[{"@type":"SearchAction","target":{"@type":"EntryPoint","urlTemplate":"https:\/\/cases.fundesplai.org\/es\/?s={search_term_string}"},"query-input":{"@type":"PropertyValueSpecification","valueRequired":true,"valueName":"search_term_string"}}],"inLanguage":"es"}]}},"_links":{"self":[{"href":"https:\/\/cases.fundesplai.org\/es\/wp-json\/wp\/v2\/pages\/5049","targetHints":{"allow":["GET"]}}],"collection":[{"href":"https:\/\/cases.fundesplai.org\/es\/wp-json\/wp\/v2\/pages"}],"about":[{"href":"https:\/\/cases.fundesplai.org\/es\/wp-json\/wp\/v2\/types\/page"}],"author":[{"embeddable":true,"href":"https:\/\/cases.fundesplai.org\/es\/wp-json\/wp\/v2\/users\/159"}],"replies":[{"embeddable":true,"href":"https:\/\/cases.fundesplai.org\/es\/wp-json\/wp\/v2\/comments?post=5049"}],"version-history":[{"count":9,"href":"https:\/\/cases.fundesplai.org\/es\/wp-json\/wp\/v2\/pages\/5049\/revisions"}],"predecessor-version":[{"id":10650,"href":"https:\/\/cases.fundesplai.org\/es\/wp-json\/wp\/v2\/pages\/5049\/revisions\/10650"}],"wp:attachment":[{"href":"https:\/\/cases.fundesplai.org\/es\/wp-json\/wp\/v2\/media?parent=5049"}],"curies":[{"name":"wp","href":"https:\/\/api.w.org\/{rel}","templated":true}]}}